{"id":7460,"date":"2021-08-09T18:07:26","date_gmt":"2021-08-09T16:07:26","guid":{"rendered":"https:\/\/www.dauner-handball.info\/?page_id=7460"},"modified":"2021-09-18T14:08:21","modified_gmt":"2021-09-18T12:08:21","slug":"aktuelles","status":"publish","type":"page","link":"https:\/\/www.dauner-handball.de\/?page_id=7460","title":{"rendered":"Aktuelles"},"content":{"rendered":"\t\t<div data-elementor-type=\"wp-page\" data-elementor-id=\"7460\" class=\"elementor elementor-7460\" data-elementor-post-type=\"page\">\n\t\t\t\t\t\t<section class=\"elementor-section elementor-top-section elementor-element elementor-element-ddbf88b elementor-section-boxed elementor-section-height-default elementor-section-height-default\" data-id=\"ddbf88b\" data-element_type=\"section\" data-e-type=\"section\">\n\t\t\t\t\t\t<div class=\"elementor-container elementor-column-gap-default\">\n\t\t\t\t\t<div class=\"elementor-column elementor-col-50 elementor-top-column elementor-element elementor-element-74e2d7d\" data-id=\"74e2d7d\" data-element_type=\"column\" data-e-type=\"column\">\n\t\t\t<div class=\"elementor-widget-wrap elementor-element-populated\">\n\t\t\t\t\t\t<div class=\"elementor-element elementor-element-a19b440 elementor-widget elementor-widget-text-editor\" data-id=\"a19b440\" data-element_type=\"widget\" data-e-type=\"widget\" data-widget_type=\"text-editor.default\">\n\t\t\t\t<div class=\"elementor-widget-container\">\n\t\t\t\t\t\t\t\t\t<h4><strong>Abteilungsversammlung der Handballer TUS 05 Daun<\/strong><\/h4><p>Am 17.09 2021 fand unter Einhaltung der aktuellen Corona bedingten Auflagen die Abteilungsversammlung der Handballabteilung des TUS 05 Daun im TuS-Treff am Wehrb\u00fcschstadion statt.<br \/>Nach zwei schwierigen Jahren startet die Handballabteilung mit insgesamt 8 Jugendmannschaften in die Saison. Die Akquise neuer kleiner und gro\u00dfer Handballer\/Innen ist eines der Hauptziele des Jugendleitungsteams um Ralf Otto und Jochen Scheler f\u00fcr die neue Saison.<br \/>Im Seniorenbereich treten unver\u00e4ndert die 1. Herrenmannschaft in der RPS-Oberliga, die Damen in der Rheinlandliga sowie die 2. Herrenmannschaft in der Landesliga an. <br \/>Mit Kevin Siderczyk konnte zudem f\u00fcr die 2. Herrenmannschaft ein neuer Trainer gefunden werden, den wir herzlich in der Abteilung begr\u00fc\u00dfen.<\/p><p>Im Rahmen der Neuwahlen der Abteilungsleitung wurde der amtierende Abteilungsleiter Michael Thomas im Amt best\u00e4tigt. Zum neuen stellvertretenden Abteilungsleiter wurde Christian Reck aus Daun gew\u00e4hlt, der bereits seit mehreren Jahren in der Abteilung aktiv ist, und die Nachfolge von Sabine Haack- Reifferscheidt antritt.<\/p><p>Wir gratulieren Christian und w\u00fcnschen ihm in seinem Amt viel Erfolg. Sabine ein herzlicher Dank f\u00fcr Ihre jahrelange Arbeit \u2013 aber du wirst dem Dauner Handball ja nicht verloren gehen\u2026<\/p><p>Allen Mannschaften eine erfolgreiche, spannende und verletzungsfreie Saison!<\/p><p>Wir freuen uns, dass es endlich wieder losgeht!!<\/p><p>TUS 05 Daun \u2013 wir leben Handball<\/p>\t\t\t\t\t\t\t\t<\/div>\n\t\t\t\t<\/div>\n\t\t\t\t\t<\/div>\n\t\t<\/div>\n\t\t\t\t<div class=\"elementor-column elementor-col-50 elementor-top-column elementor-element elementor-element-1bde353\" data-id=\"1bde353\" data-element_type=\"column\" data-e-type=\"column\">\n\t\t\t<div class=\"elementor-widget-wrap elementor-element-populated\">\n\t\t\t\t\t\t<div class=\"elementor-element elementor-element-341201d elementor-widget elementor-widget-image\" data-id=\"341201d\" data-element_type=\"widget\" data-e-type=\"widget\" data-widget_type=\"image.default\">\n\t\t\t\t<div class=\"elementor-widget-container\">\n\t\t\t\t\t\t\t\t\t\t\t\t\t\t\t<img fetchpriority=\"high\" decoding=\"async\" width=\"768\" height=\"1024\" src=\"https:\/\/www.dauner-handball.de\/wp-content\/uploads\/2021\/09\/abteilung_20210917_193507_v1-768x1024.jpeg\" class=\"attachment-large size-large wp-image-7732\" alt=\"\" srcset=\"https:\/\/www.dauner-handball.de\/wp-content\/uploads\/2021\/09\/abteilung_20210917_193507_v1-768x1024.jpeg 768w, https:\/\/www.dauner-handball.de\/wp-content\/uploads\/2021\/09\/abteilung_20210917_193507_v1-225x300.jpeg 225w, https:\/\/www.dauner-handball.de\/wp-content\/uploads\/2021\/09\/abteilung_20210917_193507_v1-1152x1536.jpeg 1152w, https:\/\/www.dauner-handball.de\/wp-content\/uploads\/2021\/09\/abteilung_20210917_193507_v1-1536x2048.jpeg 1536w, https:\/\/www.dauner-handball.de\/wp-content\/uploads\/2021\/09\/abteilung_20210917_193507_v1-96x128.jpeg 96w, https:\/\/www.dauner-handball.de\/wp-content\/uploads\/2021\/09\/abteilung_20210917_193507_v1-24x32.jpeg 24w, https:\/\/www.dauner-handball.de\/wp-content\/uploads\/2021\/09\/abteilung_20210917_193507_v1.jpeg 1800w\" sizes=\"(max-width: 768px) 100vw, 768px\" \/>\t\t\t\t\t\t\t\t\t\t\t\t\t\t\t<\/div>\n\t\t\t\t<\/div>\n\t\t\t\t<div class=\"elementor-element elementor-element-80efc1b elementor-widget elementor-widget-text-editor\" data-id=\"80efc1b\" data-element_type=\"widget\" data-e-type=\"widget\" data-widget_type=\"text-editor.default\">\n\t\t\t\t<div class=\"elementor-widget-container\">\n\t\t\t\t\t\t\t\t\t<p>o.L. Ralf Otto &#8211; Jochen Scheler (beide Jugendleitung) &#8211; Frank Wieber (1. Vorsitzender Gesamtverein)<\/p><p>u.L.: Christian Reck (stellv. Abteilungsleiter) &#8211; Sabine Haack-Reifferscheidt &#8211; Michael Thomas (Abteilungsleiter)<\/p>\t\t\t\t\t\t\t\t<\/div>\n\t\t\t\t<\/div>\n\t\t\t\t\t<\/div>\n\t\t<\/div>\n\t\t\t\t\t<\/div>\n\t\t<\/section>\n\t\t\t\t<\/div>\n\t\t","protected":false},"excerpt":{"rendered":"<p>Abteilungsversammlung der Handballer TUS 05 Daun Am 17.09 2021 fand unter Einhaltung der aktuellen Corona bedingten Auflagen die Abteilungsversammlung der Handballabteilung des TUS 05 Daun im TuS-Treff am Wehrb\u00fcschstadion statt.Nach [&hellip;]<\/p>\n","protected":false},"author":1,"featured_media":1738,"parent":36,"menu_order":0,"comment_status":"closed","ping_status":"closed","template":"","meta":{"ngg_post_thumbnail":0,"footnotes":""},"class_list":["post-7460","page","type-page","status-publish","has-post-thumbnail","hentry"],"_links":{"self":[{"href":"https:\/\/www.dauner-handball.de\/index.php?rest_route=\/wp\/v2\/pages\/7460","targetHints":{"allow":["GET"]}}],"collection":[{"href":"https:\/\/www.dauner-handball.de\/index.php?rest_route=\/wp\/v2\/pages"}],"about":[{"href":"https:\/\/www.dauner-handball.de\/index.php?rest_route=\/wp\/v2\/types\/page"}],"author":[{"embeddable":true,"href":"https:\/\/www.dauner-handball.de\/index.php?rest_route=\/wp\/v2\/users\/1"}],"replies":[{"embeddable":true,"href":"https:\/\/www.dauner-handball.de\/index.php?rest_route=%2Fwp%2Fv2%2Fcomments&post=7460"}],"version-history":[{"count":7,"href":"https:\/\/www.dauner-handball.de\/index.php?rest_route=\/wp\/v2\/pages\/7460\/revisions"}],"predecessor-version":[{"id":7735,"href":"https:\/\/www.dauner-handball.de\/index.php?rest_route=\/wp\/v2\/pages\/7460\/revisions\/7735"}],"up":[{"embeddable":true,"href":"https:\/\/www.dauner-handball.de\/index.php?rest_route=\/wp\/v2\/pages\/36"}],"wp:featuredmedia":[{"embeddable":true,"href":"https:\/\/www.dauner-handball.de\/index.php?rest_route=\/wp\/v2\/media\/1738"}],"wp:attachment":[{"href":"https:\/\/www.dauner-handball.de\/index.php?rest_route=%2Fwp%2Fv2%2Fmedia&parent=7460"}],"curies":[{"name":"wp","href":"https:\/\/api.w.org\/{rel}","templated":true}]}}