{"id":18580,"date":"2023-02-20T11:18:21","date_gmt":"2023-02-20T10:18:21","guid":{"rendered":"https:\/\/www.dauner-handball.de\/?page_id=18580"},"modified":"2023-02-20T13:32:48","modified_gmt":"2023-02-20T12:32:48","slug":"carsten-lindner","status":"publish","type":"page","link":"https:\/\/www.dauner-handball.de\/?page_id=18580","title":{"rendered":"Carsten Lindner"},"content":{"rendered":"\t\t<div data-elementor-type=\"wp-page\" data-elementor-id=\"18580\" class=\"elementor elementor-18580\" data-elementor-post-type=\"page\">\n\t\t\t\t\t\t<section class=\"elementor-section elementor-top-section elementor-element elementor-element-e0a2db9 elementor-section-boxed elementor-section-height-default elementor-section-height-default\" data-id=\"e0a2db9\" data-element_type=\"section\" data-e-type=\"section\">\n\t\t\t\t\t\t<div class=\"elementor-container elementor-column-gap-default\">\n\t\t\t\t\t<div class=\"elementor-column elementor-col-33 elementor-top-column elementor-element elementor-element-93496b0\" data-id=\"93496b0\" data-element_type=\"column\" data-e-type=\"column\">\n\t\t\t<div class=\"elementor-widget-wrap elementor-element-populated\">\n\t\t\t\t\t\t<div class=\"elementor-element elementor-element-b4af314 elementor-widget elementor-widget-image\" data-id=\"b4af314\" data-element_type=\"widget\" data-e-type=\"widget\" data-widget_type=\"image.default\">\n\t\t\t\t<div class=\"elementor-widget-container\">\n\t\t\t\t\t\t\t\t\t\t\t\t\t\t\t<img fetchpriority=\"high\" decoding=\"async\" width=\"767\" height=\"782\" src=\"https:\/\/www.dauner-handball.de\/wp-content\/uploads\/2020\/05\/carsten_lindner_01.png\" class=\"attachment-medium_large size-medium_large wp-image-7597\" alt=\"\" srcset=\"https:\/\/www.dauner-handball.de\/wp-content\/uploads\/2020\/05\/carsten_lindner_01.png 767w, https:\/\/www.dauner-handball.de\/wp-content\/uploads\/2020\/05\/carsten_lindner_01-294x300.png 294w, https:\/\/www.dauner-handball.de\/wp-content\/uploads\/2020\/05\/carsten_lindner_01-126x128.png 126w, https:\/\/www.dauner-handball.de\/wp-content\/uploads\/2020\/05\/carsten_lindner_01-32x32.png 32w\" sizes=\"(max-width: 767px) 100vw, 767px\" \/>\t\t\t\t\t\t\t\t\t\t\t\t\t\t\t<\/div>\n\t\t\t\t<\/div>\n\t\t\t\t\t<\/div>\n\t\t<\/div>\n\t\t\t\t<div class=\"elementor-column elementor-col-66 elementor-top-column elementor-element elementor-element-5285786\" data-id=\"5285786\" data-element_type=\"column\" data-e-type=\"column\">\n\t\t\t<div class=\"elementor-widget-wrap elementor-element-populated\">\n\t\t\t\t\t\t<div class=\"elementor-element elementor-element-bafab57 elementor-widget elementor-widget-text-editor\" data-id=\"bafab57\" data-element_type=\"widget\" data-e-type=\"widget\" data-widget_type=\"text-editor.default\">\n\t\t\t\t<div class=\"elementor-widget-container\">\n\t\t\t\t\t\t\t\t\t<p style=\"font-weight: 400;\"><strong><u>Wer macht eigentlich \u201edas Torwarttraining\u201c?<\/u><\/strong><\/p><p style=\"font-weight: 400;\">Wenn man in Daun an die Torh\u00fcterposition denkt, kommt man unweigerlich mit dem Namen Carsten Lindner in Ber\u00fchrung. Das 1968 geborene TuS-Urgestein h\u00e4lt seit der D-Jugend das Dauner Tor sauber. Zwar verk\u00fcndete er bereits zweimal, 2013 und 2022, sein Karriereende, doch das h\u00e4lt ihn nicht davon ab, gef\u00fchlt jede Saison bei der ersten Herrenmannschaft einzuspringen, wenn es verletzungsbedingt mal brenzlig wird oder mit seiner Tochter Alena, die j\u00fcngst f\u00fcr die HVR-Auswahl nominiert wurde, Extra-Schichten einzulegen. Doch nicht nur diese Aufgaben hat unser Stand-by-Torh\u00fcter \u00fcbernommen.<\/p>\t\t\t\t\t\t\t\t<\/div>\n\t\t\t\t<\/div>\n\t\t\t\t\t<\/div>\n\t\t<\/div>\n\t\t\t\t\t<\/div>\n\t\t<\/section>\n\t\t\t\t<section class=\"elementor-section elementor-top-section elementor-element elementor-element-f7bf3c5 elementor-section-boxed elementor-section-height-default elementor-section-height-default\" data-id=\"f7bf3c5\" data-element_type=\"section\" data-e-type=\"section\">\n\t\t\t\t\t\t<div class=\"elementor-container elementor-column-gap-default\">\n\t\t\t\t\t<div class=\"elementor-column elementor-col-100 elementor-top-column elementor-element elementor-element-740e376\" data-id=\"740e376\" data-element_type=\"column\" data-e-type=\"column\">\n\t\t\t<div class=\"elementor-widget-wrap elementor-element-populated\">\n\t\t\t\t\t\t<div class=\"elementor-element elementor-element-b39b468 elementor-widget elementor-widget-spacer\" data-id=\"b39b468\" data-element_type=\"widget\" data-e-type=\"widget\" data-widget_type=\"spacer.default\">\n\t\t\t\t<div class=\"elementor-widget-container\">\n\t\t\t\t\t\t\t<div class=\"elementor-spacer\">\n\t\t\t<div class=\"elementor-spacer-inner\"><\/div>\n\t\t<\/div>\n\t\t\t\t\t\t<\/div>\n\t\t\t\t<\/div>\n\t\t\t\t<div class=\"elementor-element elementor-element-ef50fd6 elementor-widget elementor-widget-text-editor\" data-id=\"ef50fd6\" data-element_type=\"widget\" data-e-type=\"widget\" data-widget_type=\"text-editor.default\">\n\t\t\t\t<div class=\"elementor-widget-container\">\n\t\t\t\t\t\t\t\t\t<div><b><u>In welcher Funktion bist du heute f\u00fcr die Handballabteilung t\u00e4tig?<br \/><\/u><\/b><\/div><div><u><br \/><\/u>Aktuell bin ich in mehreren Funktionen eingespannt. Zum einen bin ich Betreuer und Chauffeur der weiblichen D-Jugend zu Jugendspielen und Auswahltrainings, dann bin ich noch \u201eAushilfs-Torwart\u201c der 1. Herrenmannschaft und Jugend-Torwarttrainer f\u00fcr alle Keeper der Jungend-Mannschaften.<\/div>\t\t\t\t\t\t\t\t<\/div>\n\t\t\t\t<\/div>\n\t\t\t\t\t<\/div>\n\t\t<\/div>\n\t\t\t\t\t<\/div>\n\t\t<\/section>\n\t\t\t\t<section class=\"elementor-section elementor-top-section elementor-element elementor-element-1bbaf63 elementor-section-boxed elementor-section-height-default elementor-section-height-default\" data-id=\"1bbaf63\" data-element_type=\"section\" data-e-type=\"section\">\n\t\t\t\t\t\t<div class=\"elementor-container elementor-column-gap-default\">\n\t\t\t\t\t<div class=\"elementor-column elementor-col-100 elementor-top-column elementor-element elementor-element-f54b943\" data-id=\"f54b943\" data-element_type=\"column\" data-e-type=\"column\">\n\t\t\t<div class=\"elementor-widget-wrap elementor-element-populated\">\n\t\t\t\t\t\t<div class=\"elementor-element elementor-element-0e4ed73 elementor-widget elementor-widget-text-editor\" data-id=\"0e4ed73\" data-element_type=\"widget\" data-e-type=\"widget\" data-widget_type=\"text-editor.default\">\n\t\t\t\t<div class=\"elementor-widget-container\">\n\t\t\t\t\t\t\t\t\t<div><b><u>Was f\u00fcr Aufgaben erledigst du in deiner Funktion?<br \/><\/u><\/b><\/div><div><u><br \/><\/u>Nun in meiner T\u00e4tigkeit als Betreuer sitze ich bei den Spielen auf der Bank und unterst\u00fctze unseren Trainer Michael Hilsmann. Ich fahre die Kinder zu den Spielen und bringe sie wieder nach Hause. Wenn ein Torh\u00fcter aus der 1. Mannschaft ausf\u00e4llt, helfe ich aus, wenn es zeitlich m\u00f6glich ist. Da ich noch regelm\u00e4\u00dfig bei der 1. Mannschaft mittrainiere, bin ich einigerma\u00dfen fit.<\/div><p>Die vorwiegende am Wochenende stattfindenden speziellen Torwart-Trainingseinheiten bereite ich unter der Woche vor und f\u00fchre sie dann entsprechend mit den Jugendtorh\u00fctern durch. Diese Einheiten finden zus\u00e4tzlich zu den normalen Trainings statt und sind ausdr\u00fccklich freiwilliger Natur.<\/p>\t\t\t\t\t\t\t\t<\/div>\n\t\t\t\t<\/div>\n\t\t\t\t\t<\/div>\n\t\t<\/div>\n\t\t\t\t\t<\/div>\n\t\t<\/section>\n\t\t\t\t<section class=\"elementor-section elementor-top-section elementor-element elementor-element-ab9cb22 elementor-section-boxed elementor-section-height-default elementor-section-height-default\" data-id=\"ab9cb22\" data-element_type=\"section\" data-e-type=\"section\">\n\t\t\t\t\t\t<div class=\"elementor-container elementor-column-gap-default\">\n\t\t\t\t\t<div class=\"elementor-column elementor-col-100 elementor-top-column elementor-element elementor-element-3831f75\" data-id=\"3831f75\" data-element_type=\"column\" data-e-type=\"column\">\n\t\t\t<div class=\"elementor-widget-wrap elementor-element-populated\">\n\t\t\t\t\t\t<div class=\"elementor-element elementor-element-7a93717 elementor-widget elementor-widget-text-editor\" data-id=\"7a93717\" data-element_type=\"widget\" data-e-type=\"widget\" data-widget_type=\"text-editor.default\">\n\t\t\t\t<div class=\"elementor-widget-container\">\n\t\t\t\t\t\t\t\t\t<p style=\"font-weight: 400;\"><strong><u>Warum hast du dich entschieden, in dieser Funktion t\u00e4tig zu werden?<br \/><\/u><\/strong><u><br \/><\/u>Das liegt ja offensichtlich auf der Hand: aufgrund meiner jahrzehntelangen, aktiven Erfahrung im Handballtor in verschiedenen Ligen (Regional-, Ober-, Rheinland- und Verbandsliga) m\u00f6chte ich meine Kenntnisse gerne an unseren Nachwuchs weitergeben. Den \u201eLuxus\u201c einen speziellen Torwarttrainer mannschafts\u00fcbergreifend zu haben, gibt es nicht allzu h\u00e4ufig.\u00a0 Davon sollen dann alle jungen Nachwuchstorh\u00fcterinnen und -torh\u00fcter profitieren. Besonders erfreulich ist es dann nicht nur <br \/>f\u00fcr die Kleinen, sondern auch f\u00fcr mich, wenn sich die eine oder der andere f\u00fcr eine Auswahlmannschaft im HVR qualifizieren kann. So wurde unser Torh\u00fcter aus der m\u00e4nnlichen C-Jugend (Mike Mehling) f\u00fcr die Rheinland-Auswahl sowie unserer Torh\u00fcterin aus der D-Jugend (Viktoria Diez) f\u00fcr den erweiterten Kader der Rheinlandauswahl gesichtet. Gerade Viktoria ist eine sehr flei\u00dfige Teilnehmerin bei meinen Einheiten und man kann den permanenten Fortschritt sehr gut erkennen. Diese Fortschritte begleiten zu k\u00f6nnen, macht einen schon Stolz.<\/p>\t\t\t\t\t\t\t\t<\/div>\n\t\t\t\t<\/div>\n\t\t\t\t\t<\/div>\n\t\t<\/div>\n\t\t\t\t\t<\/div>\n\t\t<\/section>\n\t\t\t\t<section class=\"elementor-section elementor-top-section elementor-element elementor-element-e8ec960 elementor-section-boxed elementor-section-height-default elementor-section-height-default\" data-id=\"e8ec960\" data-element_type=\"section\" data-e-type=\"section\">\n\t\t\t\t\t\t<div class=\"elementor-container elementor-column-gap-default\">\n\t\t\t\t\t<div class=\"elementor-column elementor-col-100 elementor-top-column elementor-element elementor-element-5092f24\" data-id=\"5092f24\" data-element_type=\"column\" data-e-type=\"column\">\n\t\t\t<div class=\"elementor-widget-wrap elementor-element-populated\">\n\t\t\t\t\t\t<div class=\"elementor-element elementor-element-2a1d46f elementor-widget elementor-widget-text-editor\" data-id=\"2a1d46f\" data-element_type=\"widget\" data-e-type=\"widget\" data-widget_type=\"text-editor.default\">\n\t\t\t\t<div class=\"elementor-widget-container\">\n\t\t\t\t\t\t\t\t\t<p style=\"font-weight: 400;\"><strong><u>Worauf kannst du bei der Aus\u00fcbung deiner T\u00e4tigkeit nicht verzichten?<br \/><\/u><\/strong><u><br \/><\/u>In erster Linie nat\u00fcrlich auf leistungswillige, talentierte Keeper, die gerne etwas von mir abgucken<br \/>und es dann bei den Meisterschaftsspielen umsetzen. Au\u00dferdem bin ich auf die Unterst\u00fctzung der Eltern angewiesen, die ihre Kinder an einem zus\u00e4tzlichen Tag in die Halle bringen und auch wieder abholen m\u00fcssen.\u00a0 Des Weiteren ben\u00f6tige ich eine freie Halle, in der mir s\u00e4mtliches Equipment (B\u00e4lle, Stangen, Matten, H\u00fctchen etc.) zur Verf\u00fcgung steht.\u00a0<\/p>\t\t\t\t\t\t\t\t<\/div>\n\t\t\t\t<\/div>\n\t\t\t\t\t<\/div>\n\t\t<\/div>\n\t\t\t\t\t<\/div>\n\t\t<\/section>\n\t\t\t\t<section class=\"elementor-section elementor-top-section elementor-element elementor-element-077458e elementor-section-boxed elementor-section-height-default elementor-section-height-default\" data-id=\"077458e\" data-element_type=\"section\" data-e-type=\"section\">\n\t\t\t\t\t\t<div class=\"elementor-container elementor-column-gap-default\">\n\t\t\t\t\t<div class=\"elementor-column elementor-col-100 elementor-top-column elementor-element elementor-element-a27c6d3\" data-id=\"a27c6d3\" data-element_type=\"column\" data-e-type=\"column\">\n\t\t\t<div class=\"elementor-widget-wrap elementor-element-populated\">\n\t\t\t\t\t\t<div class=\"elementor-element elementor-element-7af283c elementor-widget elementor-widget-text-editor\" data-id=\"7af283c\" data-element_type=\"widget\" data-e-type=\"widget\" data-widget_type=\"text-editor.default\">\n\t\t\t\t<div class=\"elementor-widget-container\">\n\t\t\t\t\t\t\t\t\t<p style=\"font-weight: 400;\"><strong><u>Was ist das Besondere an deiner T\u00e4tigkeit?<\/u><\/strong><\/p><p style=\"font-weight: 400;\">Etwas \u201eBesonderes\u201c sehe ich in meiner T\u00e4tigkeit eigentlich nicht. Ich biete lediglich spezielles Training f\u00fcr spezielle Leute an. Besonders ist eigentlich nur, dass es zus\u00e4tzliche Trainingseinheiten sind, die nicht parallel zum normalen Training stattfinden. Somit dauert eine Einheit meist 90 Minuten, in denen ausschlie\u00dflich das Torwartspiel trainiert wird. Eine weitere kleine Besonderheit ist vielleicht, dass ich sehr viel quatsche und ungef\u00e4hr 1\/4 der Trainingszeit f\u00fcr Theorie und Taktik aufwende. Aber sonst\u2026\u00a0\u00a0<\/p>\t\t\t\t\t\t\t\t<\/div>\n\t\t\t\t<\/div>\n\t\t\t\t\t<\/div>\n\t\t<\/div>\n\t\t\t\t\t<\/div>\n\t\t<\/section>\n\t\t\t\t<section class=\"elementor-section elementor-top-section elementor-element elementor-element-0841074 elementor-section-boxed elementor-section-height-default elementor-section-height-default\" data-id=\"0841074\" data-element_type=\"section\" data-e-type=\"section\">\n\t\t\t\t\t\t<div class=\"elementor-container elementor-column-gap-default\">\n\t\t\t\t\t<div class=\"elementor-column elementor-col-100 elementor-top-column elementor-element elementor-element-c90666b\" data-id=\"c90666b\" data-element_type=\"column\" data-e-type=\"column\">\n\t\t\t<div class=\"elementor-widget-wrap elementor-element-populated\">\n\t\t\t\t\t\t<div class=\"elementor-element elementor-element-00feff7 elementor-widget elementor-widget-text-editor\" data-id=\"00feff7\" data-element_type=\"widget\" data-e-type=\"widget\" data-widget_type=\"text-editor.default\">\n\t\t\t\t<div class=\"elementor-widget-container\">\n\t\t\t\t\t\t\t\t\t<p style=\"font-weight: 400;\"><strong><em>Carsten, es tut dem Verein gut, so einen fitten und erfahrenen Torh\u00fcter in seinen Reihen zu haben, der bei Bedarf aktiv im Spiel aushelfen kann, aber vor Allem sein Wissen an die Jugend weitergibt. Dein engagierter Einsatz bei der Betreuung der weiblichen D-Jugend sowie deine leidenschaftliche Arbeit mit den Torh\u00fctern wertet unsere Jugendarbeit ein St\u00fcck auf. Daf\u00fcr VIELEN DANK!!! <\/em><\/strong><\/p>\t\t\t\t\t\t\t\t<\/div>\n\t\t\t\t<\/div>\n\t\t\t\t<div class=\"elementor-element elementor-element-61cdb81 elementor-widget elementor-widget-spacer\" data-id=\"61cdb81\" data-element_type=\"widget\" data-e-type=\"widget\" data-widget_type=\"spacer.default\">\n\t\t\t\t<div class=\"elementor-widget-container\">\n\t\t\t\t\t\t\t<div class=\"elementor-spacer\">\n\t\t\t<div class=\"elementor-spacer-inner\"><\/div>\n\t\t<\/div>\n\t\t\t\t\t\t<\/div>\n\t\t\t\t<\/div>\n\t\t\t\t\t<\/div>\n\t\t<\/div>\n\t\t\t\t\t<\/div>\n\t\t<\/section>\n\t\t\t\t<section class=\"elementor-section elementor-top-section elementor-element elementor-element-47f17dd elementor-section-boxed elementor-section-height-default elementor-section-height-default\" data-id=\"47f17dd\" data-element_type=\"section\" data-e-type=\"section\">\n\t\t\t\t\t\t<div class=\"elementor-container elementor-column-gap-default\">\n\t\t\t\t\t<div class=\"elementor-column elementor-col-33 elementor-top-column elementor-element elementor-element-a4e29cb\" data-id=\"a4e29cb\" data-element_type=\"column\" data-e-type=\"column\">\n\t\t\t<div class=\"elementor-widget-wrap elementor-element-populated\">\n\t\t\t\t\t\t<div class=\"elementor-element elementor-element-5ea1552 elementor-widget elementor-widget-image\" data-id=\"5ea1552\" data-element_type=\"widget\" data-e-type=\"widget\" data-widget_type=\"image.default\">\n\t\t\t\t<div class=\"elementor-widget-container\">\n\t\t\t\t\t\t\t\t\t\t\t\t\t\t\t<img decoding=\"async\" width=\"300\" height=\"200\" src=\"https:\/\/www.dauner-handball.de\/wp-content\/uploads\/2023\/02\/2400_lindner-carsten_01-300x200.jpg\" class=\"attachment-medium size-medium wp-image-18623\" alt=\"\" srcset=\"https:\/\/www.dauner-handball.de\/wp-content\/uploads\/2023\/02\/2400_lindner-carsten_01-300x200.jpg 300w, https:\/\/www.dauner-handball.de\/wp-content\/uploads\/2023\/02\/2400_lindner-carsten_01-1024x683.jpg 1024w, https:\/\/www.dauner-handball.de\/wp-content\/uploads\/2023\/02\/2400_lindner-carsten_01-768x512.jpg 768w, https:\/\/www.dauner-handball.de\/wp-content\/uploads\/2023\/02\/2400_lindner-carsten_01-1536x1024.jpg 1536w, https:\/\/www.dauner-handball.de\/wp-content\/uploads\/2023\/02\/2400_lindner-carsten_01-2048x1365.jpg 2048w, https:\/\/www.dauner-handball.de\/wp-content\/uploads\/2023\/02\/2400_lindner-carsten_01-128x85.jpg 128w, https:\/\/www.dauner-handball.de\/wp-content\/uploads\/2023\/02\/2400_lindner-carsten_01-32x21.jpg 32w\" sizes=\"(max-width: 300px) 100vw, 300px\" \/>\t\t\t\t\t\t\t\t\t\t\t\t\t\t\t<\/div>\n\t\t\t\t<\/div>\n\t\t\t\t\t<\/div>\n\t\t<\/div>\n\t\t\t\t<div class=\"elementor-column elementor-col-33 elementor-top-column elementor-element elementor-element-d95e952\" data-id=\"d95e952\" data-element_type=\"column\" data-e-type=\"column\">\n\t\t\t<div class=\"elementor-widget-wrap elementor-element-populated\">\n\t\t\t\t\t\t<div class=\"elementor-element elementor-element-5003e72 elementor-widget elementor-widget-image\" data-id=\"5003e72\" data-element_type=\"widget\" data-e-type=\"widget\" data-widget_type=\"image.default\">\n\t\t\t\t<div class=\"elementor-widget-container\">\n\t\t\t\t\t\t\t\t\t\t\t\t\t\t\t<img decoding=\"async\" width=\"200\" height=\"300\" src=\"https:\/\/www.dauner-handball.de\/wp-content\/uploads\/2023\/02\/2400_lindner-carsten_03-200x300.jpg\" class=\"attachment-medium size-medium wp-image-18624\" alt=\"\" srcset=\"https:\/\/www.dauner-handball.de\/wp-content\/uploads\/2023\/02\/2400_lindner-carsten_03-200x300.jpg 200w, https:\/\/www.dauner-handball.de\/wp-content\/uploads\/2023\/02\/2400_lindner-carsten_03-683x1024.jpg 683w, https:\/\/www.dauner-handball.de\/wp-content\/uploads\/2023\/02\/2400_lindner-carsten_03-768x1152.jpg 768w, https:\/\/www.dauner-handball.de\/wp-content\/uploads\/2023\/02\/2400_lindner-carsten_03-1024x1536.jpg 1024w, https:\/\/www.dauner-handball.de\/wp-content\/uploads\/2023\/02\/2400_lindner-carsten_03-1365x2048.jpg 1365w, https:\/\/www.dauner-handball.de\/wp-content\/uploads\/2023\/02\/2400_lindner-carsten_03-85x128.jpg 85w, https:\/\/www.dauner-handball.de\/wp-content\/uploads\/2023\/02\/2400_lindner-carsten_03-21x32.jpg 21w, https:\/\/www.dauner-handball.de\/wp-content\/uploads\/2023\/02\/2400_lindner-carsten_03.jpg 1600w\" sizes=\"(max-width: 200px) 100vw, 200px\" \/>\t\t\t\t\t\t\t\t\t\t\t\t\t\t\t<\/div>\n\t\t\t\t<\/div>\n\t\t\t\t\t<\/div>\n\t\t<\/div>\n\t\t\t\t<div class=\"elementor-column elementor-col-33 elementor-top-column elementor-element elementor-element-0606e19\" data-id=\"0606e19\" data-element_type=\"column\" data-e-type=\"column\">\n\t\t\t<div class=\"elementor-widget-wrap elementor-element-populated\">\n\t\t\t\t\t\t<div class=\"elementor-element elementor-element-0f140ac elementor-widget elementor-widget-image\" data-id=\"0f140ac\" data-element_type=\"widget\" data-e-type=\"widget\" data-widget_type=\"image.default\">\n\t\t\t\t<div class=\"elementor-widget-container\">\n\t\t\t\t\t\t\t\t\t\t\t\t\t\t\t<img loading=\"lazy\" decoding=\"async\" width=\"300\" height=\"200\" src=\"https:\/\/www.dauner-handball.de\/wp-content\/uploads\/2023\/02\/20211218-6J5A3334-300x200.jpg\" class=\"attachment-medium size-medium wp-image-18629\" alt=\"\" srcset=\"https:\/\/www.dauner-handball.de\/wp-content\/uploads\/2023\/02\/20211218-6J5A3334-300x200.jpg 300w, https:\/\/www.dauner-handball.de\/wp-content\/uploads\/2023\/02\/20211218-6J5A3334-1024x683.jpg 1024w, https:\/\/www.dauner-handball.de\/wp-content\/uploads\/2023\/02\/20211218-6J5A3334-768x512.jpg 768w, https:\/\/www.dauner-handball.de\/wp-content\/uploads\/2023\/02\/20211218-6J5A3334-1536x1024.jpg 1536w, https:\/\/www.dauner-handball.de\/wp-content\/uploads\/2023\/02\/20211218-6J5A3334-128x85.jpg 128w, https:\/\/www.dauner-handball.de\/wp-content\/uploads\/2023\/02\/20211218-6J5A3334-32x21.jpg 32w, https:\/\/www.dauner-handball.de\/wp-content\/uploads\/2023\/02\/20211218-6J5A3334.jpg 1600w\" sizes=\"(max-width: 300px) 100vw, 300px\" \/>\t\t\t\t\t\t\t\t\t\t\t\t\t\t\t<\/div>\n\t\t\t\t<\/div>\n\t\t\t\t\t<\/div>\n\t\t<\/div>\n\t\t\t\t\t<\/div>\n\t\t<\/section>\n\t\t\t\t<\/div>\n\t\t","protected":false},"excerpt":{"rendered":"<p>Wer macht eigentlich \u201edas Torwarttraining\u201c? Wenn man in Daun an die Torh\u00fcterposition denkt, kommt man unweigerlich mit dem Namen Carsten Lindner in Ber\u00fchrung. Das 1968 geborene TuS-Urgestein h\u00e4lt seit der [&hellip;]<\/p>\n","protected":false},"author":1,"featured_media":0,"parent":18566,"menu_order":1,"comment_status":"closed","ping_status":"closed","template":"","meta":{"ngg_post_thumbnail":0,"footnotes":""},"class_list":["post-18580","page","type-page","status-publish","hentry"],"_links":{"self":[{"href":"https:\/\/www.dauner-handball.de\/index.php?rest_route=\/wp\/v2\/pages\/18580","targetHints":{"allow":["GET"]}}],"collection":[{"href":"https:\/\/www.dauner-handball.de\/index.php?rest_route=\/wp\/v2\/pages"}],"about":[{"href":"https:\/\/www.dauner-handball.de\/index.php?rest_route=\/wp\/v2\/types\/page"}],"author":[{"embeddable":true,"href":"https:\/\/www.dauner-handball.de\/index.php?rest_route=\/wp\/v2\/users\/1"}],"replies":[{"embeddable":true,"href":"https:\/\/www.dauner-handball.de\/index.php?rest_route=%2Fwp%2Fv2%2Fcomments&post=18580"}],"version-history":[{"count":10,"href":"https:\/\/www.dauner-handball.de\/index.php?rest_route=\/wp\/v2\/pages\/18580\/revisions"}],"predecessor-version":[{"id":18632,"href":"https:\/\/www.dauner-handball.de\/index.php?rest_route=\/wp\/v2\/pages\/18580\/revisions\/18632"}],"up":[{"embeddable":true,"href":"https:\/\/www.dauner-handball.de\/index.php?rest_route=\/wp\/v2\/pages\/18566"}],"wp:attachment":[{"href":"https:\/\/www.dauner-handball.de\/index.php?rest_route=%2Fwp%2Fv2%2Fmedia&parent=18580"}],"curies":[{"name":"wp","href":"https:\/\/api.w.org\/{rel}","templated":true}]}}