{"id":169,"date":"2020-05-15T13:54:54","date_gmt":"2020-05-15T11:54:54","guid":{"rendered":"http:\/\/dauner-handball.info\/?page_id=169"},"modified":"2025-09-20T19:43:33","modified_gmt":"2025-09-20T17:43:33","slug":"dhf","status":"publish","type":"page","link":"https:\/\/www.dauner-handball.de\/?page_id=169","title":{"rendered":"Handballfreunde"},"content":{"rendered":"<p style=\"font-style: normal;\"><img decoding=\"async\" class=\"aligncenter\" src=\"http:\/\/dauner-handball.info\/wp-content\/uploads\/2020\/05\/dhf_logo_v1-300x85.png\" alt=\"\" width=\"300\" height=\"85\"><\/p>\n<h2 style=\"font-style: normal;\">&nbsp;<\/h2>\n<h2 style=\"font-style: normal;\">Die Dauner Handball-Freunde e.V. (kurz: \u201eDHF\u201c) stellen sich vor<\/h2>\n<p>Der Verein wurde 1991 gegr\u00fcndet und ist satzungsgem\u00e4\u00df ein gemeinn\u00fctziger Verein zur F\u00f6rderung des Dauner Handballsports.&nbsp;<\/p>\n<p>Vorstandsmitglieder sind derzeit:<\/p>\n<p><img fetchpriority=\"high\" decoding=\"async\" class=\"alignnone wp-image-21350\" src=\"https:\/\/www.dauner-handball.de\/wp-content\/uploads\/2023\/07\/Vorstand_DSC02887-300x200.jpg\" alt=\"\" width=\"479\" height=\"319\" srcset=\"https:\/\/www.dauner-handball.de\/wp-content\/uploads\/2023\/07\/Vorstand_DSC02887-300x200.jpg 300w, https:\/\/www.dauner-handball.de\/wp-content\/uploads\/2023\/07\/Vorstand_DSC02887-1024x683.jpg 1024w, https:\/\/www.dauner-handball.de\/wp-content\/uploads\/2023\/07\/Vorstand_DSC02887-768x512.jpg 768w, https:\/\/www.dauner-handball.de\/wp-content\/uploads\/2023\/07\/Vorstand_DSC02887-1536x1024.jpg 1536w, https:\/\/www.dauner-handball.de\/wp-content\/uploads\/2023\/07\/Vorstand_DSC02887-128x85.jpg 128w, https:\/\/www.dauner-handball.de\/wp-content\/uploads\/2023\/07\/Vorstand_DSC02887-32x21.jpg 32w, https:\/\/www.dauner-handball.de\/wp-content\/uploads\/2023\/07\/Vorstand_DSC02887.jpg 1600w\" sizes=\"(max-width: 479px) 100vw, 479px\" \/><\/p>\n<p><strong>1. Vorsitzender<\/strong><\/p>\n<p>Marc Saxler, Auf\u00b4m Weiher 18, 54550 Daun \u2013 Tel.: 06592 \/ 95 77 62<\/p>\n<p><strong>2. Vorsitzender \/ Gesch\u00e4ftsf\u00fchrer<\/strong><\/p>\n<p>Michael Schr\u00f6der, Alte Darscheider Str. 2a, 54550 Daun \u2013 Tel.: 0170 \/ 22 93 45 0<\/p>\n<p><b>Email: geschaeftsfuehrer(at)dauner-handball-freunde.de<\/b><\/p>\n<p><strong>Kassenwart<\/strong><\/p>\n<p>J\u00fcrgen Weber, Wirichstra\u00dfe 16, 54550 Daun \u2013 Tel.: 06592 \/ 38 89 oder 0160 \/ 97 58 02 29<\/p>\n<p>Als vom Finanzamt anerkannter, gemeinn\u00fctziger Verein finanziert er sich u. a. durch Spenden und Mitgliedsbeitr\u00e4gen. Der Verein ist berechtigt, bei Spenden eine Spendenbescheinigung auszustellen &#8211; die Spende kann so in der Steuererkl\u00e4rung geltend gemacht werden.<\/p>\n<p>Spenden k\u00f6nnen auf folgendes Konto des Vereins \u00fcberwiesen werden:<\/p>\n<p>Empf\u00e4nger: Dauner Handballfreunde e. V.<br \/>\nIBAN: DE30 5865 1240 0000 0325 08<br \/>\nBIC: MALADE51DAU<\/p>\n<p>Spendenquittungen werden nach Eingang einer Spende umgehend \u00fcbersandt. Schon jetzt m\u00f6chte sich der Vorstand f\u00fcr jede Spende \u2013 wie hoch auch immer sie sein mag \u2013 bedanken.&nbsp;<\/p>\n<p>Sie unterst\u00fctzen den Dauner Handballsport aber auch dadurch, in dem Sie Mitglied bei den \u201eDauner Handballfreunden\u201c werden.<\/p>\n<p>Der j\u00e4hrliche Mitgliedsbeitrag betr\u00e4gt j\u00e4hrlich 60,00 \u20ac. F\u00fcr aktive Spieler, soweit sie keine Sch\u00fcler, Studenten und Auszubildenden sind, und Rentner betr\u00e4gt der Beitrag j\u00e4hrlich 40,00 \u20ac. Sch\u00fcler, Studenten und Auszubildende sowie Schwerbehinderte mit Ausweis zahlen 20,00 \u20ac pro Jahr.<\/p>\n<p>Aufnahmeantr\u00e4ge\/Beitrittserkl\u00e4rungen finden Sie&nbsp;<em><strong><a href=\"https:\/\/www.dauner-handball.info\/wp-content\/uploads\/2021\/09\/Beitrittserklrung_DHF_Handball.pdf\" target=\"_blank\" rel=\"noopener\">hier<\/a><\/strong><\/em>. Auch liegen sie bei jedem Heimspiel der 1. Herrenmannschaft in der Wehrb\u00fcschhalle an der Kasse aus.&nbsp;<\/p>\n<p>Vereinsmitglieder k\u00f6nnen eine Saisonkarte f\u00fcr die Heimspiele der Seniorenmannschaften des TuS 05 Daun zum Preis von 65,00 \u20ac &#8211; anstatt 70,00 \u20ac &#8211; erwerben. Sie gilt f\u00fcr s\u00e4mtliche Meisterschaftsspiele, nicht aber f\u00fcr Pokalspiele.<\/p>\n<p>Die vereinnahmten Gelder werden vom Verein satzungsgem\u00e4\u00df ausschlie\u00dflich zur Unterst\u00fctzung aller Handballmannschaften des TuS 05 Daun \u2013 also auch der Jugendmannschaften \u2013 verwendet.<\/p>\n<p>Da die Einnahmen, insbesondere aus Sponsoring in den letzten Jahren r\u00fcckl\u00e4ufig sind, ist es notwendig, Gelder \u00fcber F\u00f6rdervereine zu akquirieren, um weiterhin einen breit gef\u00e4cherten Sportbetrieb im Senioren- und Jugendbereich aufrechterhalten zu k\u00f6nnen.<\/p>\n<p>Der Vorstand der DHF bittet daher alle Freunde des spannenden und begeisternden Handballballsports um Ihre Unterst\u00fctzung.<\/p>\n<p>Wir freuen uns \u00fcber jeden, der den \u201eDauner Handballfreunden\u201c als Mitglied beitritt oder aber die Arbeit des Vereins mit einer Spende \u2013 gleich in welcher H\u00f6he \u2013 unterst\u00fctzt.<\/p>\n<p>Im Voraus schon mal vielen, vielen Dank.<\/p>\n","protected":false},"excerpt":{"rendered":"<p>&nbsp; Die Dauner Handball-Freunde e.V. (kurz: \u201eDHF\u201c) stellen sich vor Der Verein wurde 1991 gegr\u00fcndet und ist satzungsgem\u00e4\u00df ein gemeinn\u00fctziger Verein zur F\u00f6rderung des Dauner Handballsports.&nbsp; Vorstandsmitglieder sind derzeit: 1. [&hellip;]<\/p>\n","protected":false},"author":1,"featured_media":0,"parent":0,"menu_order":5,"comment_status":"closed","ping_status":"closed","template":"","meta":{"ngg_post_thumbnail":0,"footnotes":""},"class_list":["post-169","page","type-page","status-publish","hentry"],"_links":{"self":[{"href":"https:\/\/www.dauner-handball.de\/index.php?rest_route=\/wp\/v2\/pages\/169","targetHints":{"allow":["GET"]}}],"collection":[{"href":"https:\/\/www.dauner-handball.de\/index.php?rest_route=\/wp\/v2\/pages"}],"about":[{"href":"https:\/\/www.dauner-handball.de\/index.php?rest_route=\/wp\/v2\/types\/page"}],"author":[{"embeddable":true,"href":"https:\/\/www.dauner-handball.de\/index.php?rest_route=\/wp\/v2\/users\/1"}],"replies":[{"embeddable":true,"href":"https:\/\/www.dauner-handball.de\/index.php?rest_route=%2Fwp%2Fv2%2Fcomments&post=169"}],"version-history":[{"count":10,"href":"https:\/\/www.dauner-handball.de\/index.php?rest_route=\/wp\/v2\/pages\/169\/revisions"}],"predecessor-version":[{"id":45558,"href":"https:\/\/www.dauner-handball.de\/index.php?rest_route=\/wp\/v2\/pages\/169\/revisions\/45558"}],"wp:attachment":[{"href":"https:\/\/www.dauner-handball.de\/index.php?rest_route=%2Fwp%2Fv2%2Fmedia&parent=169"}],"curies":[{"name":"wp","href":"https:\/\/api.w.org\/{rel}","templated":true}]}}